{"id":1175,"date":"2024-06-07T12:12:09","date_gmt":"2024-06-07T10:12:09","guid":{"rendered":"https:\/\/hostalplaja.com\/contacto\/"},"modified":"2024-06-07T13:29:30","modified_gmt":"2024-06-07T11:29:30","slug":"contacto","status":"publish","type":"page","link":"https:\/\/hostalplaja.com\/es\/contacto\/","title":{"rendered":"Contacto"},"content":{"rendered":"\n<style type=\"text\/css\" data-created_by=\"avia_inline_auto\" id=\"style-css-av-lvwaf2oe-a4bff0005ebbcd25524014519ef6a933\">\n.avia-section.av-lvwaf2oe-a4bff0005ebbcd25524014519ef6a933{\nbackground-repeat:no-repeat;\nbackground-image:url(https:\/\/hostalplaja.com\/wp-content\/uploads\/2024\/05\/Decoracio-Casa-Plaja-6-1500x630.jpg);\nbackground-position:50% 0%;\nbackground-attachment:scroll;\n}\n.avia-section.av-lvwaf2oe-a4bff0005ebbcd25524014519ef6a933 .av-section-color-overlay{\nopacity:0.5;\nbackground-color:#0a0a0a;\n}\n<\/style>\n<div id='av_section_1'  class='avia-section av-lvwaf2oe-a4bff0005ebbcd25524014519ef6a933 main_color avia-section-default avia-no-border-styling  avia-builder-el-0  el_before_av_heading  avia-builder-el-first  avia-full-stretch avia-bg-style-scroll av-section-color-overlay-active av-minimum-height av-minimum-height-50 av-height-50  container_wrap fullsize'  data-section-bg-repeat='stretch' data-av_minimum_height_pc='50' data-av_min_height_opt='50'><div class=\"av-section-color-overlay-wrap\"><div class=\"av-section-color-overlay\"><\/div><div class='container av-section-cont-open' ><main  role=\"main\" itemprop=\"mainContentOfPage\"  class='template-page content  av-content-full alpha units'><div class='post-entry post-entry-type-page post-entry-1175'><div class='entry-content-wrapper clearfix'>\n<div  class='flex_column av-40uik-0e48665aea74bd8c445ef5fb491b303b av_one_third  avia-builder-el-1  el_before_av_one_third  avia-builder-el-first  first flex_column_div  '     ><\/div><div  class='flex_column av-2ldi8-bcb940ae0b4d40280888c6f00924342e av_one_third  avia-builder-el-3  el_after_av_one_third  el_before_av_one_third  caixa-sliderr flex_column_div  '     ><\/div><div  class='flex_column av-1vsfw-839b211abd7acb51aed11b184c571b87 av_one_third  avia-builder-el-4  el_after_av_one_third  el_before_av_one_full  flex_column_div  '     ><\/div><div  class='flex_column av-1n468-b8b47fcc6e2c94ff089a9b5f83219304 av_one_full  avia-builder-el-5  el_after_av_one_third  avia-builder-el-last  caixa-slider first flex_column_div  column-top-margin'     ><\/div>\n<\/div><\/div><\/main><!-- close content main element --><\/div><\/div><\/div><div id='after_section_1'  class='main_color av_default_container_wrap container_wrap fullsize'  ><div class='container av-section-cont-open' ><div class='template-page content  av-content-full alpha units'><div class='post-entry post-entry-type-page post-entry-1175'><div class='entry-content-wrapper clearfix'>\n\n<style type=\"text\/css\" data-created_by=\"avia_inline_auto\" id=\"style-css-av-lvwb4wun-7b55f4aebdce9722d0e8e70b4b2b9b31\">\n#top .av-special-heading.av-lvwb4wun-7b55f4aebdce9722d0e8e70b4b2b9b31{\npadding-bottom:10px;\n}\nbody .av-special-heading.av-lvwb4wun-7b55f4aebdce9722d0e8e70b4b2b9b31 .av-special-heading-tag .heading-char{\nfont-size:25px;\n}\n.av-special-heading.av-lvwb4wun-7b55f4aebdce9722d0e8e70b4b2b9b31 .av-subheading{\nfont-size:15px;\n}\n<\/style>\n<div  class='av-special-heading av-lvwb4wun-7b55f4aebdce9722d0e8e70b4b2b9b31 av-special-heading-h2 blockquote modern-quote  avia-builder-el-7  el_after_av_section  el_before_av_two_fifth  avia-builder-el-first '><h2 class='av-special-heading-tag '  itemprop=\"headline\"  >Cont\u00e1ctanos<\/h2><div class=\"special-heading-border\"><div class=\"special-heading-inner-border\"><\/div><\/div><\/div>\n\n<style type=\"text\/css\" data-created_by=\"avia_inline_auto\" id=\"style-css-av-2yz0g-5ba3836b72aa5da34b7b28afbb781dea\">\n.flex_column.av-2yz0g-5ba3836b72aa5da34b7b28afbb781dea{\nborder-radius:0px 0px 0px 0px;\npadding:0px 0px 0px 0px;\n}\n<\/style>\n<div  class='flex_column av-2yz0g-5ba3836b72aa5da34b7b28afbb781dea av_two_fifth  avia-builder-el-8  el_after_av_heading  el_before_av_three_fifth  first flex_column_div av-animated-generic fade-in-up av-zero-column-padding  '     ><p><section  class='av_textblock_section av-29kqk-fac620bb5f9a4672b02e6c8a93442715 '   itemscope=\"itemscope\" itemtype=\"https:\/\/schema.org\/CreativeWork\" ><div class='avia_textblock'  itemprop=\"text\" ><p>Si tienes cualquier pregunta sobre nuestras instalaciones, disponibilidad o servicios, no dudes en ponerte en contacto con nosotros. Rellena el siguiente formulario o, si prefieres, ll\u00e1manos o env\u00edanos un correo electr\u00f3nico.<\/p>\n<p>Estamos aqu\u00ed para ayudarte a planificar una estancia perfecta en la Costa Brava.<\/p>\n<\/div><\/section><br \/>\n\n<style type=\"text\/css\" data-created_by=\"avia_inline_auto\" id=\"style-css-av-lvxnsont-861c6c839dd674b8fcce7186489e1fca\">\n#top .hr.hr-invisible.av-lvxnsont-861c6c839dd674b8fcce7186489e1fca{\nheight:20px;\n}\n<\/style>\n<div  class='hr av-lvxnsont-861c6c839dd674b8fcce7186489e1fca hr-invisible  avia-builder-el-10  el_after_av_textblock  el_before_av_icon_box '><span class='hr-inner '><span class=\"hr-inner-style\"><\/span><\/span><\/div><br \/>\n<article  class='iconbox iconbox_left_content av-lvwbfpnc-2a7bce658488127b3c5afe3c0f67e40f av-icon-style-no-border  avia-builder-el-11  el_after_av_hr  el_before_av_icon_box  reserva-contacte'  itemscope=\"itemscope\" itemtype=\"https:\/\/schema.org\/CreativeWork\" ><div class='iconbox_icon heading-color avia-iconfont avia-font-flaticon_hosteleria' data-av_icon='\uf102' data-av_iconfont='flaticon_hosteleria'  ><\/div><div class=\"iconbox_content\"><header class=\"entry-content-header\" aria-label=\"Icon: Reserva\"><h3 class='iconbox_content_title '  itemprop=\"headline\" >Reserva<\/h3><\/header><div class='iconbox_content_container '  itemprop=\"text\" ><p><a href=\"tel:972 %20300% 20526\">972 300 526<\/a><\/p>\n<\/div><\/div><footer class=\"entry-footer\"><\/footer><\/article><br \/>\n<article  class='iconbox iconbox_left_content av-lvwbbwet-07d0ba84b67c35f358b4cf784edb14a9 av-icon-style-no-border  avia-builder-el-12  el_after_av_icon_box  el_before_av_icon_box  reserva-contacte'  itemscope=\"itemscope\" itemtype=\"https:\/\/schema.org\/CreativeWork\" ><div class='iconbox_icon heading-color avia-iconfont avia-font-flaticon_hosteleria' data-av_icon='\uf130' data-av_iconfont='flaticon_hosteleria'  ><\/div><div class=\"iconbox_content\"><header class=\"entry-content-header\" aria-label=\"Icon: Email\"><h3 class='iconbox_content_title '  itemprop=\"headline\" >Email<\/h3><\/header><div class='iconbox_content_container '  itemprop=\"text\" ><p><a href=\"mailto:hostalplaja@hostalplaja.com\">hostalplaja@hostalplaja.com<\/a><\/p>\n<\/div><\/div><footer class=\"entry-footer\"><\/footer><\/article><br \/>\n<article  class='iconbox iconbox_left_content av-lvwbcn7g-7fbd843b20f1381ef0e8627955b78112 av-icon-style-no-border  avia-builder-el-13  el_after_av_icon_box  avia-builder-el-last  reserva-contacte'  itemscope=\"itemscope\" itemtype=\"https:\/\/schema.org\/CreativeWork\" ><div class='iconbox_icon heading-color avia-iconfont avia-font-flaticon_hosteleria' data-av_icon='\uf131' data-av_iconfont='flaticon_hosteleria'  ><\/div><div class=\"iconbox_content\"><header class=\"entry-content-header\" aria-label=\"Icon: \"><\/header><div class='iconbox_content_container '  itemprop=\"text\" ><p>C\/ San Sebasti\u00e1n, 34. Palafrugell<br \/>\n(Costa Brava &#8211; Girona)<\/p>\n<\/div><\/div><footer class=\"entry-footer\"><\/footer><\/article><\/p><\/div>\n\n<style type=\"text\/css\" data-created_by=\"avia_inline_auto\" id=\"style-css-av-6hslk-d918ada0c3e22f3f23126900731bab8f\">\n.flex_column.av-6hslk-d918ada0c3e22f3f23126900731bab8f{\nborder-radius:0px 0px 0px 0px;\npadding:0px 0px 0px 0px;\n}\n<\/style>\n<div  class='flex_column av-6hslk-d918ada0c3e22f3f23126900731bab8f av_three_fifth  avia-builder-el-14  el_after_av_two_fifth  el_before_av_google_map  avia-builder-el-last  formulari flex_column_div av-animated-generic fade-in-up av-zero-column-padding  '     ><form action=\"https:\/\/hostalplaja.com\/es\/contacto\/\" method=\"post\" data-fields-with-error=\"Found errors in the following field(s):\" class=\"avia_ajax_form av-form-labels-hidden   avia-builder-el-15  avia-builder-el-no-sibling   \" data-avia-form-id=\"1\" data-avia-redirect='' ><fieldset><p class='  first_form  form_element form_element_half' id='element_avia_1_1'><label for=\"avia_1_1\">Nombre <abbr class=\"required\" title=\"requerido\">*<\/abbr><\/label> <input name=\"avia_1_1\" class=\"text_input is_empty\" type=\"text\" id=\"avia_1_1\" value=\"\"  placeholder='Nombre*'\/><\/p><p class='  form_element form_element_half' id='element_avia_2_1'><label for=\"avia_2_1\">E-Mail <abbr class=\"required\" title=\"requerido\">*<\/abbr><\/label> <input name=\"avia_2_1\" class=\"text_input is_email\" type=\"text\" id=\"avia_2_1\" value=\"\"  placeholder='E-Mail*'\/><\/p><p class='  first_form  form_element form_element_half' id='element_avia_3_1'><label for=\"avia_3_1\">Tel\u00e9fono<\/label> <input name=\"avia_3_1\" class=\"text_input \" type=\"text\" id=\"avia_3_1\" value=\"\"  placeholder='Tel\u00e9fono'\/><\/p><p class='  form_element form_element_half' id='element_avia_4_1'><label for=\"avia_4_1\">Asunto<\/label> <input name=\"avia_4_1\" class=\"text_input \" type=\"text\" id=\"avia_4_1\" value=\"\"  placeholder='Asunto'\/><\/p><p class='  first_form  form_element form_fullwidth' id='element_avia_5_1'><label for=\"avia_5_1\" class=\"textare_label hidden textare_label_avia_5_1\">Mensaje <abbr class=\"required\" title=\"requerido\">*<\/abbr><\/label><textarea  placeholder='Mensaje*' name=\"avia_5_1\" class=\"text_area is_empty\" cols=\"40\" rows=\"7\" id=\"avia_5_1\" ><\/textarea><\/p><p class=\"hidden\"><input type=\"text\" name=\"avia_6_1\" class=\"hidden \" id=\"avia_6_1\" value=\"\" \/><\/p><div id='avia_7_1' class='av-recaptcha-area  first_form  form_element form_fullwidth av-last-visible-form-element '  data-container_class=\"\" data-custom_class=\"\" data-context=\"av_contact_form\" data-token_input=\"av_recaptcha_token\" data-version=\"avia_recaptcha_v3\" data-theme=\"light\" data-size=\"normal\" data-score=\"0.5\" data-text_to_preview=\"\" data-value=\"\"><div class=\"av-google-badge-message hidden\">Este sitio est\u00e1 protegido por reCAPTCHA y se aplican la <a href=\"https:\/\/policies.google.com\/privacy\" target=\"_blank\">Pol\u00edtica de privacidad<\/a> y las <a href=\"https:\/\/policies.google.com\/terms\" target=\"_blank\">Condiciones de servicio <\/a> de Google.<\/div><\/div><p class=' av_form_privacy_check av_contact_privacy_check first_form  form_element form_fullwidth' id='element_avia_8_1'><input  name=\"avia_8_1\" class=\"input_checkbox is_empty\" type=\"checkbox\" id=\"avia_8_1\" value=\"true\"\/><label class=\"input_checkbox_label\" for=\"avia_8_1\">Acepto los t\u00e9rminos y condiciones establecidos en la <a href='https:\/\/hostalplaja.com\/politica-privacitat\/' target='_blank'>Pol\u00edtica de privacidad<\/a> <abbr class=\"required\" title=\"requerido\">*<\/abbr><\/label><\/p><p class=\"form_element \"><input type=\"hidden\" value=\"1\" name=\"avia_generated_form1\" \/><input type=\"submit\" value=\"Enviar\" class=\"button\"  data-sending-label=\"Enviando\"\/><\/p><\/fieldset><div class=\"avia-disabled-form\">This contact form is deactivated because you refused to accept Google reCaptcha service which is necessary to validate any messages sent by the form.<\/div><\/form><div id=\"ajaxresponse_1\" class=\"ajaxresponse ajaxresponse_1 hidden\"><\/div><\/div>\n<div  class='av_gmaps_sc_main_wrap av_gmaps_main_wrap '><div id='av_gmap_0' class='avia-google-map-container avia-google-map-sc av_gmaps_show_unconditionally av-no-fallback-img ' data-mapid='av_gmap_0'  style='height: 400px;'><a class=\"av_gmaps_browser_disabled av_text_confirm_link av_text_confirm_link_visible\" href=\"https:\/\/www.google.com\/maps\/search\/?api=1&#038;query=C\/%20Sant%20Sebasti\u00e0,%2034.%20Palafrugell%20(Costa%20Brava%20\u2013%20Girona)%2008030%20Girona%20%20Spain\" target=\"_blank\">Maps were disabled by the visitor on this site. Click to open the map in a new window.<\/a><\/div><\/div>\n","protected":false},"excerpt":{"rendered":"","protected":false},"author":3,"featured_media":0,"parent":0,"menu_order":0,"comment_status":"closed","ping_status":"closed","template":"","meta":{"footnotes":""},"class_list":["post-1175","page","type-page","status-publish","hentry"],"yoast_head":"<!-- This site is optimized with the Yoast SEO plugin v27.3 - https:\/\/yoast.com\/product\/yoast-seo-wordpress\/ -->\n<title>Contacto - Hostal Plaja<\/title>\n<meta name=\"robots\" content=\"index, follow, max-snippet:-1, max-image-preview:large, max-video-preview:-1\" \/>\n<link rel=\"canonical\" href=\"https:\/\/hostalplaja.com\/es\/contacto\/\" \/>\n<meta property=\"og:locale\" content=\"es_ES\" \/>\n<meta property=\"og:type\" content=\"article\" \/>\n<meta property=\"og:title\" content=\"Contacto - Hostal Plaja\" \/>\n<meta property=\"og:url\" content=\"https:\/\/hostalplaja.com\/es\/contacto\/\" \/>\n<meta property=\"og:site_name\" content=\"Hostal Plaja\" \/>\n<meta property=\"article:modified_time\" content=\"2024-06-07T11:29:30+00:00\" \/>\n<meta name=\"twitter:card\" content=\"summary_large_image\" \/>\n<meta name=\"twitter:label1\" content=\"Tiempo de lectura\" \/>\n\t<meta name=\"twitter:data1\" content=\"1 minuto\" \/>\n<script type=\"application\/ld+json\" class=\"yoast-schema-graph\">{\"@context\":\"https:\\\/\\\/schema.org\",\"@graph\":[{\"@type\":\"WebPage\",\"@id\":\"https:\\\/\\\/hostalplaja.com\\\/es\\\/contacto\\\/\",\"url\":\"https:\\\/\\\/hostalplaja.com\\\/es\\\/contacto\\\/\",\"name\":\"Contacto - Hostal Plaja\",\"isPartOf\":{\"@id\":\"https:\\\/\\\/hostalplaja.com\\\/es\\\/#website\"},\"datePublished\":\"2024-06-07T10:12:09+00:00\",\"dateModified\":\"2024-06-07T11:29:30+00:00\",\"breadcrumb\":{\"@id\":\"https:\\\/\\\/hostalplaja.com\\\/es\\\/contacto\\\/#breadcrumb\"},\"inLanguage\":\"es\",\"potentialAction\":[{\"@type\":\"ReadAction\",\"target\":[\"https:\\\/\\\/hostalplaja.com\\\/es\\\/contacto\\\/\"]}]},{\"@type\":\"BreadcrumbList\",\"@id\":\"https:\\\/\\\/hostalplaja.com\\\/es\\\/contacto\\\/#breadcrumb\",\"itemListElement\":[{\"@type\":\"ListItem\",\"position\":1,\"name\":\"Inici\",\"item\":\"https:\\\/\\\/hostalplaja.com\\\/es\\\/inicio\\\/\"},{\"@type\":\"ListItem\",\"position\":2,\"name\":\"Contacto\"}]},{\"@type\":\"WebSite\",\"@id\":\"https:\\\/\\\/hostalplaja.com\\\/es\\\/#website\",\"url\":\"https:\\\/\\\/hostalplaja.com\\\/es\\\/\",\"name\":\"Hostal Plaja\",\"description\":\"\",\"potentialAction\":[{\"@type\":\"SearchAction\",\"target\":{\"@type\":\"EntryPoint\",\"urlTemplate\":\"https:\\\/\\\/hostalplaja.com\\\/es\\\/?s={search_term_string}\"},\"query-input\":{\"@type\":\"PropertyValueSpecification\",\"valueRequired\":true,\"valueName\":\"search_term_string\"}}],\"inLanguage\":\"es\"}]}<\/script>\n<!-- \/ Yoast SEO plugin. -->","yoast_head_json":{"title":"Contacto - Hostal Plaja","robots":{"index":"index","follow":"follow","max-snippet":"max-snippet:-1","max-image-preview":"max-image-preview:large","max-video-preview":"max-video-preview:-1"},"canonical":"https:\/\/hostalplaja.com\/es\/contacto\/","og_locale":"es_ES","og_type":"article","og_title":"Contacto - Hostal Plaja","og_url":"https:\/\/hostalplaja.com\/es\/contacto\/","og_site_name":"Hostal Plaja","article_modified_time":"2024-06-07T11:29:30+00:00","twitter_card":"summary_large_image","twitter_misc":{"Tiempo de lectura":"1 minuto"},"schema":{"@context":"https:\/\/schema.org","@graph":[{"@type":"WebPage","@id":"https:\/\/hostalplaja.com\/es\/contacto\/","url":"https:\/\/hostalplaja.com\/es\/contacto\/","name":"Contacto - Hostal Plaja","isPartOf":{"@id":"https:\/\/hostalplaja.com\/es\/#website"},"datePublished":"2024-06-07T10:12:09+00:00","dateModified":"2024-06-07T11:29:30+00:00","breadcrumb":{"@id":"https:\/\/hostalplaja.com\/es\/contacto\/#breadcrumb"},"inLanguage":"es","potentialAction":[{"@type":"ReadAction","target":["https:\/\/hostalplaja.com\/es\/contacto\/"]}]},{"@type":"BreadcrumbList","@id":"https:\/\/hostalplaja.com\/es\/contacto\/#breadcrumb","itemListElement":[{"@type":"ListItem","position":1,"name":"Inici","item":"https:\/\/hostalplaja.com\/es\/inicio\/"},{"@type":"ListItem","position":2,"name":"Contacto"}]},{"@type":"WebSite","@id":"https:\/\/hostalplaja.com\/es\/#website","url":"https:\/\/hostalplaja.com\/es\/","name":"Hostal Plaja","description":"","potentialAction":[{"@type":"SearchAction","target":{"@type":"EntryPoint","urlTemplate":"https:\/\/hostalplaja.com\/es\/?s={search_term_string}"},"query-input":{"@type":"PropertyValueSpecification","valueRequired":true,"valueName":"search_term_string"}}],"inLanguage":"es"}]}},"_links":{"self":[{"href":"https:\/\/hostalplaja.com\/es\/wp-json\/wp\/v2\/pages\/1175","targetHints":{"allow":["GET"]}}],"collection":[{"href":"https:\/\/hostalplaja.com\/es\/wp-json\/wp\/v2\/pages"}],"about":[{"href":"https:\/\/hostalplaja.com\/es\/wp-json\/wp\/v2\/types\/page"}],"author":[{"embeddable":true,"href":"https:\/\/hostalplaja.com\/es\/wp-json\/wp\/v2\/users\/3"}],"replies":[{"embeddable":true,"href":"https:\/\/hostalplaja.com\/es\/wp-json\/wp\/v2\/comments?post=1175"}],"version-history":[{"count":1,"href":"https:\/\/hostalplaja.com\/es\/wp-json\/wp\/v2\/pages\/1175\/revisions"}],"predecessor-version":[{"id":1231,"href":"https:\/\/hostalplaja.com\/es\/wp-json\/wp\/v2\/pages\/1175\/revisions\/1231"}],"wp:attachment":[{"href":"https:\/\/hostalplaja.com\/es\/wp-json\/wp\/v2\/media?parent=1175"}],"curies":[{"name":"wp","href":"https:\/\/api.w.org\/{rel}","templated":true}]}}