{"id":1186,"date":"2024-06-07T12:28:32","date_gmt":"2024-06-07T10:28:32","guid":{"rendered":"https:\/\/hostalplaja.com\/politica-de-privacidad-2\/"},"modified":"2024-06-07T12:28:32","modified_gmt":"2024-06-07T10:28:32","slug":"politica-de-privacidad-2","status":"publish","type":"page","link":"https:\/\/hostalplaja.com\/es\/politica-de-privacidad-2\/","title":{"rendered":"Pol\u00edtica de privacidad"},"content":{"rendered":"<h1>Pol\u00edtica de privacidad<\/h1>\n<p>El presente documento de Tratamiento de Datos Personales tiene por objeto dar a conocer el m\u00e9todo en que se recogen, tratan y protegen las datos de car\u00e1cter personal recogidos a trav\u00e9s del sitio web, a fin de que los usuarios determinen libre y voluntariamente si desean facilitar sus datos personales a trav\u00e9s del presente sitio web.<\/p>\n<p>El acceso y uso del sitio web, una vez dado el consentimiento expreso marcando la correspondiente casilla por parte del usuario, implica la plena aceptaci\u00f3n del presente documento sobre Tratamiento de Datos Personales y se obliga a cumplir en su totalidad los t\u00e9rminos y condiciones recogidos en el mismo. Por tanto, el usuario debe leer atentamente el presente documento en cada una de las ocasiones en que se proponga utilizar el sitio web, ya que \u00e9ste puede tener modificaciones.<\/p>\n<p>El presente documento ser\u00e1 v\u00e1lido \u00fanicamente para las datos de car\u00e1cter personal obtenidas desde el sitio web, y no ser\u00e1 de aplicaci\u00f3n para aquella informaci\u00f3n recogida por terceros en otras p\u00e1ginas web, incluso si \u00e9stas se encuentren enlazadas desde este mismo sitio web.<\/p>\n<h2>\u00bfQui\u00e9n es el responsable del tratamiento de sus datos?<\/h2>\n<p>El responsable de las datos es Ergates Tecnologia, SL, en adelante LA EMPRESA:<\/p>\n<ul>\n<li>Su denominaci\u00f3n social es: Ergates Tecnologia, SL<\/li>\n<li>Su n\u00famero comercial es: Ergates Tecnolog\u00eda.<\/li>\n<li>Su CIF es: B-66781899.<\/li>\n<li>Su domicilio social es: c\/ Josep Badia Sobrevias 21, 4-1<\/li>\n<li>Est\u00e1 inscrita en el Registro Mercantil de Barcelona<\/li>\n<\/ul>\n<p>LA EMPRESA le informa que estas datos ser\u00e1n tratadas de conformidad con lo dispuesto en las normativas vigentes en protecci\u00f3n de datos personales, el Reglamento (UE) 2016\/679 de 27 de abril de 2016 (RGPD). Por la que se le facilita la siguiente informaci\u00f3n del tratamiento:<\/p>\n<h2>\u00bfCon qu\u00e9 finalidad tratamos sus datos personales?<\/h2>\n<p>Tratamos la informaci\u00f3n que nos facilitan los interesados \u200b\u200bpara realizar la prospecci\u00f3n de env\u00edo de comunicaciones comerciales en base al inter\u00e9s demostrado sobre nuestros productos y servicios.<\/p>\n<h2>\u00bfPor cu\u00e1nto tiempo conservaremos sus datos?<\/h2>\n<p>Las datos se conservar\u00e1n durante 10 a\u00f1os.<\/p>\n<h2>\u00bfCu\u00e1l es la legitimaci\u00f3n para el tratamiento de sus datos?<\/h2>\n<p>Las datos personales que tratamos en LA EMPRESA proceden del propio interesado, quien ha aceptado el consentimiento t\u00e1cito conforme se pueden utilizar las datos para las finalidades mencionadas.<\/p>\n<h2>\u00bfA qui\u00e9n se ceder\u00e1n sus datos?<\/h2>\n<p>No se ceder\u00e1n las datos a terceros, salvo en casos de obligaci\u00f3n legal.<\/p>\n<h2>\u00bfTransferencias de datos a terceros pa\u00edses?<\/h2>\n<p>No est\u00e1n previstas las transferencias de datos a terceros pa\u00edses.<\/p>\n<h2>\u00bfCu\u00e1les son sus derechos cuando nos facilita sus datos?<\/h2>\n<p>Tiene derecho a obtener confirmaci\u00f3n sobre si en LA EMPRESA estamos tratando datos personales que las conciernen, o no.<\/p>\n<p>Los interesados \u200b\u200btienen derecho a acceder a sus datos personales, as\u00ed como a solicitar la rectificaci\u00f3n de las datos inexactas o, en su caso, solicitar su supresi\u00f3n cuando, entre otros motivos, las datos ya no sean necesarias para las fines que fueron recogidas .<\/p>\n<p>En determinadas circunstancias, los interesados \u200b\u200bpodr\u00e1n solicitar la limitaci\u00f3n del tratamiento de sus datos, en cuyo caso \u00fanicamente los conservaremos para el ejercicio o la defensa de reclamaciones.<\/p>\n<p>En determinadas circunstancias y por motivos relacionados con su situaci\u00f3n particular, los interesados \u200b\u200bpodr\u00e1n oponerse al tratamiento de sus datos. En este caso, LA EMPRESA dejar\u00e1 de tratar las datos, salvo por motivos leg\u00edtimos imperiosos, o el ejercicio o la defensa de posibles reclamaciones.<\/p>\n<p>Usted podr\u00e1 ejercer materialmente sus derechos de la siguiente forma: Tiene derecho a acceder, rectificar y suprimir las datos, as\u00ed como otros derechos, indicados en la informaci\u00f3n adicional, que puede ejercer dirigi\u00e9ndose a la direcci\u00f3n del responsable del tratamiento.<\/p>\n<p>Si ha otorgado su consentimiento para alguna finalidad concreta, tiene derecho a retirar el consentimiento otorgado en cualquier momento, sin que ello afecte a la licitud del tratamiento basado en el consentimiento previo a su retirada.<\/p>\n<p>En caso de que sienta vulnerados sus derechos respecto a la protecci\u00f3n de sus datos personales, especialmente cuando no haya obtenido satisfacci\u00f3n en el ejercicio de sus derechos, puede presentar una reclamaci\u00f3n ante la Autoridad de Control en materia de protecci\u00f3n de datos competente a trav\u00e9s de su sitio web: www.agpd.es.<\/p>\n<h2>\u00bfQu\u00e9 datos se guardan en nuestros sistemas?<\/h2>\n<p>Las categor\u00edas de datos que se tratan son:<\/p>\n<ul>\n<li>Datos identificativos.<\/li>\n<li>Direcciones postales y electr\u00f3nicas.<\/li>\n<li>Informaci\u00f3n comercial.<\/li>\n<\/ul>\n<p>No se tratan categor\u00edas especiales de datos personales (son aquellas datos que revelan el origen \u00e9tnico o racial, las opiniones pol\u00edticas, las convicciones religiosas o filos\u00f3ficas, o la afiliaci\u00f3n sindical, datos gen\u00e9ticos, datos biom\u00e9tricos dirigidos a identificar de forma un\u00edvoca a una persona f\u00edsica , datos relativos a la salud o datos relativos a la vida sexual o la orientaci\u00f3n sexual de una persona f\u00edsica).<\/p>\n","protected":false},"excerpt":{"rendered":"<p>Pol\u00edtica de privacidad El presente documento de Tratamiento de Datos Personales tiene por objeto dar a conocer el m\u00e9todo en que se recogen, tratan y protegen las datos de car\u00e1cter personal recogidos a trav\u00e9s del sitio web, a fin de que los usuarios determinen libre y voluntariamente si desean facilitar sus datos personales a trav\u00e9s [&hellip;]<\/p>\n","protected":false},"author":3,"featured_media":0,"parent":0,"menu_order":0,"comment_status":"closed","ping_status":"closed","template":"","meta":{"footnotes":""},"class_list":["post-1186","page","type-page","status-publish","hentry"],"yoast_head":"<!-- This site is optimized with the Yoast SEO plugin v27.3 - https:\/\/yoast.com\/product\/yoast-seo-wordpress\/ -->\n<title>Pol\u00edtica de privacidad - Hostal Plaja<\/title>\n<meta name=\"robots\" content=\"index, follow, max-snippet:-1, max-image-preview:large, max-video-preview:-1\" \/>\n<link rel=\"canonical\" href=\"https:\/\/hostalplaja.com\/es\/politica-de-privacidad-2\/\" \/>\n<meta property=\"og:locale\" content=\"es_ES\" \/>\n<meta property=\"og:type\" content=\"article\" \/>\n<meta property=\"og:title\" content=\"Pol\u00edtica de privacidad - Hostal Plaja\" \/>\n<meta property=\"og:description\" content=\"Pol\u00edtica de privacidad El presente documento de Tratamiento de Datos Personales tiene por objeto dar a conocer el m\u00e9todo en que se recogen, tratan y protegen las datos de car\u00e1cter personal recogidos a trav\u00e9s del sitio web, a fin de que los usuarios determinen libre y voluntariamente si desean facilitar sus datos personales a trav\u00e9s [&hellip;]\" \/>\n<meta property=\"og:url\" content=\"https:\/\/hostalplaja.com\/es\/politica-de-privacidad-2\/\" \/>\n<meta property=\"og:site_name\" content=\"Hostal Plaja\" \/>\n<meta name=\"twitter:card\" content=\"summary_large_image\" \/>\n<meta name=\"twitter:label1\" content=\"Tiempo de lectura\" \/>\n\t<meta name=\"twitter:data1\" content=\"4 minutos\" \/>\n<script type=\"application\/ld+json\" class=\"yoast-schema-graph\">{\"@context\":\"https:\\\/\\\/schema.org\",\"@graph\":[{\"@type\":\"WebPage\",\"@id\":\"https:\\\/\\\/hostalplaja.com\\\/es\\\/politica-de-privacidad-2\\\/\",\"url\":\"https:\\\/\\\/hostalplaja.com\\\/es\\\/politica-de-privacidad-2\\\/\",\"name\":\"Pol\u00edtica de privacidad - Hostal Plaja\",\"isPartOf\":{\"@id\":\"https:\\\/\\\/hostalplaja.com\\\/es\\\/#website\"},\"datePublished\":\"2024-06-07T10:28:32+00:00\",\"breadcrumb\":{\"@id\":\"https:\\\/\\\/hostalplaja.com\\\/es\\\/politica-de-privacidad-2\\\/#breadcrumb\"},\"inLanguage\":\"es\",\"potentialAction\":[{\"@type\":\"ReadAction\",\"target\":[\"https:\\\/\\\/hostalplaja.com\\\/es\\\/politica-de-privacidad-2\\\/\"]}]},{\"@type\":\"BreadcrumbList\",\"@id\":\"https:\\\/\\\/hostalplaja.com\\\/es\\\/politica-de-privacidad-2\\\/#breadcrumb\",\"itemListElement\":[{\"@type\":\"ListItem\",\"position\":1,\"name\":\"Inici\",\"item\":\"https:\\\/\\\/hostalplaja.com\\\/es\\\/inicio\\\/\"},{\"@type\":\"ListItem\",\"position\":2,\"name\":\"Pol\u00edtica de privacidad\"}]},{\"@type\":\"WebSite\",\"@id\":\"https:\\\/\\\/hostalplaja.com\\\/es\\\/#website\",\"url\":\"https:\\\/\\\/hostalplaja.com\\\/es\\\/\",\"name\":\"Hostal Plaja\",\"description\":\"\",\"potentialAction\":[{\"@type\":\"SearchAction\",\"target\":{\"@type\":\"EntryPoint\",\"urlTemplate\":\"https:\\\/\\\/hostalplaja.com\\\/es\\\/?s={search_term_string}\"},\"query-input\":{\"@type\":\"PropertyValueSpecification\",\"valueRequired\":true,\"valueName\":\"search_term_string\"}}],\"inLanguage\":\"es\"}]}<\/script>\n<!-- \/ Yoast SEO plugin. -->","yoast_head_json":{"title":"Pol\u00edtica de privacidad - Hostal Plaja","robots":{"index":"index","follow":"follow","max-snippet":"max-snippet:-1","max-image-preview":"max-image-preview:large","max-video-preview":"max-video-preview:-1"},"canonical":"https:\/\/hostalplaja.com\/es\/politica-de-privacidad-2\/","og_locale":"es_ES","og_type":"article","og_title":"Pol\u00edtica de privacidad - Hostal Plaja","og_description":"Pol\u00edtica de privacidad El presente documento de Tratamiento de Datos Personales tiene por objeto dar a conocer el m\u00e9todo en que se recogen, tratan y protegen las datos de car\u00e1cter personal recogidos a trav\u00e9s del sitio web, a fin de que los usuarios determinen libre y voluntariamente si desean facilitar sus datos personales a trav\u00e9s [&hellip;]","og_url":"https:\/\/hostalplaja.com\/es\/politica-de-privacidad-2\/","og_site_name":"Hostal Plaja","twitter_card":"summary_large_image","twitter_misc":{"Tiempo de lectura":"4 minutos"},"schema":{"@context":"https:\/\/schema.org","@graph":[{"@type":"WebPage","@id":"https:\/\/hostalplaja.com\/es\/politica-de-privacidad-2\/","url":"https:\/\/hostalplaja.com\/es\/politica-de-privacidad-2\/","name":"Pol\u00edtica de privacidad - Hostal Plaja","isPartOf":{"@id":"https:\/\/hostalplaja.com\/es\/#website"},"datePublished":"2024-06-07T10:28:32+00:00","breadcrumb":{"@id":"https:\/\/hostalplaja.com\/es\/politica-de-privacidad-2\/#breadcrumb"},"inLanguage":"es","potentialAction":[{"@type":"ReadAction","target":["https:\/\/hostalplaja.com\/es\/politica-de-privacidad-2\/"]}]},{"@type":"BreadcrumbList","@id":"https:\/\/hostalplaja.com\/es\/politica-de-privacidad-2\/#breadcrumb","itemListElement":[{"@type":"ListItem","position":1,"name":"Inici","item":"https:\/\/hostalplaja.com\/es\/inicio\/"},{"@type":"ListItem","position":2,"name":"Pol\u00edtica de privacidad"}]},{"@type":"WebSite","@id":"https:\/\/hostalplaja.com\/es\/#website","url":"https:\/\/hostalplaja.com\/es\/","name":"Hostal Plaja","description":"","potentialAction":[{"@type":"SearchAction","target":{"@type":"EntryPoint","urlTemplate":"https:\/\/hostalplaja.com\/es\/?s={search_term_string}"},"query-input":{"@type":"PropertyValueSpecification","valueRequired":true,"valueName":"search_term_string"}}],"inLanguage":"es"}]}},"_links":{"self":[{"href":"https:\/\/hostalplaja.com\/es\/wp-json\/wp\/v2\/pages\/1186","targetHints":{"allow":["GET"]}}],"collection":[{"href":"https:\/\/hostalplaja.com\/es\/wp-json\/wp\/v2\/pages"}],"about":[{"href":"https:\/\/hostalplaja.com\/es\/wp-json\/wp\/v2\/types\/page"}],"author":[{"embeddable":true,"href":"https:\/\/hostalplaja.com\/es\/wp-json\/wp\/v2\/users\/3"}],"replies":[{"embeddable":true,"href":"https:\/\/hostalplaja.com\/es\/wp-json\/wp\/v2\/comments?post=1186"}],"version-history":[{"count":0,"href":"https:\/\/hostalplaja.com\/es\/wp-json\/wp\/v2\/pages\/1186\/revisions"}],"wp:attachment":[{"href":"https:\/\/hostalplaja.com\/es\/wp-json\/wp\/v2\/media?parent=1186"}],"curies":[{"name":"wp","href":"https:\/\/api.w.org\/{rel}","templated":true}]}}