{"id":206,"date":"2024-03-20T12:02:12","date_gmt":"2024-03-20T11:02:12","guid":{"rendered":"http:\/\/hostalplaja.com\/?page_id=206"},"modified":"2024-03-20T12:23:16","modified_gmt":"2024-03-20T11:23:16","slug":"politica-de-cookies","status":"publish","type":"page","link":"https:\/\/hostalplaja.com\/es\/politica-de-cookies\/","title":{"rendered":"Pol\u00edtica de cookies"},"content":{"rendered":"<h1><strong>Pol\u00edtica de cookies<\/strong><\/h1>\n<h2>\u00bfQu\u00e9 son las cookies?<\/h2>\n<p>Las cookies son peque\u00f1os ficheros con informaci\u00f3n que se almacenan en tu navegador web al acceder y usar determinadas p\u00e1ginas web. Estos ficheros permiten que las p\u00e1ginas web puedan recuperar informaci\u00f3n sobre tus h\u00e1bitos y preferencias de navegaci\u00f3n o sobre el dispositivo desde el que te conectas.<\/p>\n<p>A pesar de que son fundamentales para prestar un buen servicio, en funci\u00f3n del tipo de informaci\u00f3n que contengan pueden resultar peligrosas para tu privacidad. Por este motivo, la legislaci\u00f3n espa\u00f1ola ha establecido que para instalar determinados tipos de cookies en el navegador de los usuarios es necesario informar previamente y obtener el consentimiento de los mismos. Mediante la presente Pol\u00edtica de cookies queremos informarte claramente y de modo suficiente sobre el tipo de cookies que empleamos en este sitio web.<\/p>\n<h2>\u00bfQu\u00e9 tipo de cookies empleamos?<\/h2>\n<p>En esta web empleamos cookies con la finalidad de facilitar tu navegaci\u00f3n y proporcionarte una mejor experiencia de navegaci\u00f3n. Las cookies que empleamos se pueden dividir en las siguientes categor\u00edas:<\/p>\n<p>Seg\u00fan desde donde son enviadas:<\/p>\n<ol>\n<li><u>Cookies propias<\/u>: Son aquellas de las que es responsable el propio editor y que, generalmente, se env\u00edan al equipo terminal del usuario desde un equipo o dominio gestionado por el propio editor y desde el que se presta el servicio solicitado por el usuario<\/li>\n<li><u>Cookies de terceros<\/u>: Son aquellas de las que es responsable una entidad distinta del editor y que, generalmente, se env\u00edan al equipo terminal del usuario desde un equipo o dominio que no es gestionado por el editor, sino por otra entidad que trata los datos obtenidos a trav\u00e9s de las cookies.<\/li>\n<\/ol>\n<p>Seg\u00fan el plazo de tiempo que permanecen activadas:<\/p>\n<ol>\n<li><u>Cookies de sesi\u00f3n<\/u>: dise\u00f1adas para recabar y almacenar datos mientras el usuario accede a nuestra p\u00e1gina web. Se suelen emplear para almacenar informaci\u00f3n que solo interesa conservar para la prestaci\u00f3n del servicio solicitado por el usuario en una sola ocasi\u00f3n.<\/li>\n<li><u>Cookies persistentes<\/u>: los datos siguen almacenados en el terminal y pueden ser accedidos y tratados durante un periodo definido por el responsable de la cookie, y que puede ir de unos minutos a varios a\u00f1os.<\/li>\n<\/ol>\n<p>Seg\u00fan su finalidad:<\/p>\n<ol>\n<li><u>Cookies t\u00e9cnicas<\/u>: son esenciales para el funcionamiento de la web. Permiten al usuario la navegaci\u00f3n y la utilizaci\u00f3n de las diferentes opciones o servicios que existan como, por ejemplo, controlar el tr\u00e1fico y la comunicaci\u00f3n de datos, identificar la sesi\u00f3n, acceder a partes de acceso restringido, utilizar elementos de seguridad durante la navegaci\u00f3n o compartir contenidos a trav\u00e9s de redes sociales.<\/li>\n<li><u>Cookies anal\u00edticas<\/u>: tienen por finalidad analizar el comportamiento y el uso que hace el usuario de la Web. Permiten cuantificar el n\u00famero de usuarios que visitan el Sitio Web e identificar qu\u00e9 capas del Sitio Web son m\u00e1s visitadas y, por tanto, m\u00e1s populares.<\/li>\n<li><u>Cookies de personalizaci\u00f3n<\/u>: permiten al usuario acceder al servicio con algunas caracter\u00edsticas de car\u00e1cter general predefinidas en funci\u00f3n de una serie de criterios en el terminal del usuario como por ejemplo ser\u00edan el idioma, el tipo de navegador a trav\u00e9s del cual accede al servicio, la configuraci\u00f3n regional desde donde accede al servicio, etc.<\/li>\n<\/ol>\n<p>El Sitio Web utiliza Google Analytics, un servicio anal\u00edtico de web prestado por Google, Inc., (en adelante, \u201cGoogle\u201d) una compa\u00f1\u00eda de Delaware cuya oficina principal est\u00e1 en 1600 Amphitheatre Parkway, Mountain View (California), CA 94043, Estados Unidos. Google Analytics emplea cookies para ayudar al Sitio Web a analizar el uso del mismo que hacen los usuarios. La informaci\u00f3n que genera la cookie acerca de su uso del Sitio Web ser\u00e1 directamente transmitida y archivada por Google en los servidores de Estados Unidos. Google usar\u00e1 esta informaci\u00f3n para seguir la pista de su uso del sitio web, recopilando informes de la actividad del sitio web y prestando otros servicios relacionados con la actividad del sitio web y el uso de Internet.<\/p>\n<p>Si quieres obtener m\u00e1s informaci\u00f3n sobre el uso de cookies anal\u00edticas de Google empleadas en el Sitio Web, consulta el siguiente link:<\/p>\n<p><a href=\"https:\/\/developers.google.com\/analytics\/devguides\/collection\/analyticsjs\/cookie-usage?hl=es\">https:\/\/developers.google.com\/analytics\/devguides\/collection\/analyticsjs\/cookie-usage?hl=es<\/a>.<\/p>\n<h2>\u00bfC\u00f3mo puedes controlar las cookies?<\/h2>\n<p>Es importante que sepas que en cualquier momento puedes configurar tus preferencias respecto a nuestro portal y a los terceros que instalan cookies siguiendo cualquiera de las siguientes opciones:<\/p>\n<ul>\n<li>Accediendo a <strong>Configuraci\u00f3n cookies<\/strong>, cuyo enlace encontrar\u00e1s en el pie de nuestra p\u00e1gina.<\/li>\n<li>Tambi\u00e9n, puedes modificar f\u00e1cilmente las preferencias de tu navegador para controlar que cookies acceden a tu ordenador y cuales prefieres limitar.<\/li>\n<\/ul>\n<p>Esta \u00faltima opci\u00f3n suele encontrarse en el men\u00fa de \u201copciones\u201d o \u201cpreferencias\u201d en los navegadores. Si empleas alguno de los siguientes, solamente tendr\u00e1s que seleccionar el enlace y seguir las instrucciones que desde la p\u00e1gina enlazada se indiquen:<\/p>\n<ul>\n<li><a href=\"https:\/\/support.microsoft.com\/es-es\/help\/17442\/windows-internet-explorer-delete-manage-cookies\">Preferencias de\u00a0<em>cookies<\/em>\u00a0en Internet Explorer<\/a><\/li>\n<li><a href=\"https:\/\/privacy.microsoft.com\/es-ES\/windows-10-microsoft-edge-and-privacy\">Preferencias de Microsoft Edge<\/a><\/li>\n<li><a href=\"https:\/\/support.google.com\/chrome\/answer\/95647?co=GENIE.Platform%3DDesktop&amp;hl=es\">Preferencias de\u00a0<em>cookies<\/em>\u00a0en Chrome<\/a><\/li>\n<li><a href=\"https:\/\/support.mozilla.org\/es\/kb\/Borrar%20cookies\">Preferencias de\u00a0<em>cookies<\/em>\u00a0en Firefox<\/a><\/li>\n<li><a href=\"https:\/\/support.apple.com\/es-es\/HT201265\">Preferencias de\u00a0<em>cookies<\/em>\u00a0en Safari<\/a><\/li>\n<\/ul>\n<p>Sin embargo, si cambias tus preferencias y limitas el acceso de cookies a tu dispositivo, es posible que algunas de las funcionalidades de la web dejen de funcionar.<\/p>\n<h2>Modificaciones de la Pol\u00edtica de cookies<\/h2>\n<p>Ponemos a tu disposici\u00f3n la presente Pol\u00edtica de cookies para que puedas consultarla, archivarla o imprimirla siempre que lo estimes conveniente. Es posible que la misma sufra modificaciones como consecuencia de cambios en la p\u00e1gina web o en las cookies empleadas, novedades legislativas o jurisprudenciales o el establecimiento de nuevos criterios de la Agencia Espa\u00f1ola de Protecci\u00f3n de Datos o Autoridad de Control correspondiente (<a href=\"http:\/\/www.aepd.es\">www.aepd.es<\/a>). Por ello, nos reservamos el derecho a modificar la presente Pol\u00edtica de cookies en cualquier momento.<\/p>\n<p>Si deseas contactar con nosotros respecto nuestra pol\u00edtica de cookies, puedes hacerlo desde el contacto de la p\u00e1gina web.<\/p>\n","protected":false},"excerpt":{"rendered":"<p>Pol\u00edtica de cookies \u00bfQu\u00e9 son las cookies? Las cookies son peque\u00f1os ficheros con informaci\u00f3n que se almacenan en tu navegador web al acceder y usar determinadas p\u00e1ginas web. Estos ficheros permiten que las p\u00e1ginas web puedan recuperar informaci\u00f3n sobre tus h\u00e1bitos y preferencias de navegaci\u00f3n o sobre el dispositivo desde el que te conectas. A [&hellip;]<\/p>\n","protected":false},"author":3,"featured_media":0,"parent":0,"menu_order":0,"comment_status":"closed","ping_status":"closed","template":"","meta":{"footnotes":""},"class_list":["post-206","page","type-page","status-publish","hentry"],"yoast_head":"<!-- This site is optimized with the Yoast SEO plugin v27.3 - https:\/\/yoast.com\/product\/yoast-seo-wordpress\/ -->\n<title>Pol\u00edtica de cookies - Hostal Plaja<\/title>\n<meta name=\"robots\" content=\"index, follow, max-snippet:-1, max-image-preview:large, max-video-preview:-1\" \/>\n<link rel=\"canonical\" href=\"https:\/\/hostalplaja.com\/es\/politica-de-cookies\/\" \/>\n<meta property=\"og:locale\" content=\"es_ES\" \/>\n<meta property=\"og:type\" content=\"article\" \/>\n<meta property=\"og:title\" content=\"Pol\u00edtica de cookies - Hostal Plaja\" \/>\n<meta property=\"og:description\" content=\"Pol\u00edtica de cookies \u00bfQu\u00e9 son las cookies? Las cookies son peque\u00f1os ficheros con informaci\u00f3n que se almacenan en tu navegador web al acceder y usar determinadas p\u00e1ginas web. Estos ficheros permiten que las p\u00e1ginas web puedan recuperar informaci\u00f3n sobre tus h\u00e1bitos y preferencias de navegaci\u00f3n o sobre el dispositivo desde el que te conectas. A [&hellip;]\" \/>\n<meta property=\"og:url\" content=\"https:\/\/hostalplaja.com\/es\/politica-de-cookies\/\" \/>\n<meta property=\"og:site_name\" content=\"Hostal Plaja\" \/>\n<meta property=\"article:modified_time\" content=\"2024-03-20T11:23:16+00:00\" \/>\n<meta name=\"twitter:card\" content=\"summary_large_image\" \/>\n<meta name=\"twitter:label1\" content=\"Tiempo de lectura\" \/>\n\t<meta name=\"twitter:data1\" content=\"6 minutos\" \/>\n<script type=\"application\/ld+json\" class=\"yoast-schema-graph\">{\"@context\":\"https:\\\/\\\/schema.org\",\"@graph\":[{\"@type\":\"WebPage\",\"@id\":\"https:\\\/\\\/hostalplaja.com\\\/es\\\/politica-de-cookies\\\/\",\"url\":\"https:\\\/\\\/hostalplaja.com\\\/es\\\/politica-de-cookies\\\/\",\"name\":\"Pol\u00edtica de cookies - Hostal Plaja\",\"isPartOf\":{\"@id\":\"https:\\\/\\\/hostalplaja.com\\\/es\\\/#website\"},\"datePublished\":\"2024-03-20T11:02:12+00:00\",\"dateModified\":\"2024-03-20T11:23:16+00:00\",\"breadcrumb\":{\"@id\":\"https:\\\/\\\/hostalplaja.com\\\/es\\\/politica-de-cookies\\\/#breadcrumb\"},\"inLanguage\":\"es\",\"potentialAction\":[{\"@type\":\"ReadAction\",\"target\":[\"https:\\\/\\\/hostalplaja.com\\\/es\\\/politica-de-cookies\\\/\"]}]},{\"@type\":\"BreadcrumbList\",\"@id\":\"https:\\\/\\\/hostalplaja.com\\\/es\\\/politica-de-cookies\\\/#breadcrumb\",\"itemListElement\":[{\"@type\":\"ListItem\",\"position\":1,\"name\":\"Inici\",\"item\":\"https:\\\/\\\/hostalplaja.com\\\/es\\\/inicio\\\/\"},{\"@type\":\"ListItem\",\"position\":2,\"name\":\"Pol\u00edtica de cookies\"}]},{\"@type\":\"WebSite\",\"@id\":\"https:\\\/\\\/hostalplaja.com\\\/es\\\/#website\",\"url\":\"https:\\\/\\\/hostalplaja.com\\\/es\\\/\",\"name\":\"Hostal Plaja\",\"description\":\"\",\"potentialAction\":[{\"@type\":\"SearchAction\",\"target\":{\"@type\":\"EntryPoint\",\"urlTemplate\":\"https:\\\/\\\/hostalplaja.com\\\/es\\\/?s={search_term_string}\"},\"query-input\":{\"@type\":\"PropertyValueSpecification\",\"valueRequired\":true,\"valueName\":\"search_term_string\"}}],\"inLanguage\":\"es\"}]}<\/script>\n<!-- \/ Yoast SEO plugin. -->","yoast_head_json":{"title":"Pol\u00edtica de cookies - Hostal Plaja","robots":{"index":"index","follow":"follow","max-snippet":"max-snippet:-1","max-image-preview":"max-image-preview:large","max-video-preview":"max-video-preview:-1"},"canonical":"https:\/\/hostalplaja.com\/es\/politica-de-cookies\/","og_locale":"es_ES","og_type":"article","og_title":"Pol\u00edtica de cookies - Hostal Plaja","og_description":"Pol\u00edtica de cookies \u00bfQu\u00e9 son las cookies? Las cookies son peque\u00f1os ficheros con informaci\u00f3n que se almacenan en tu navegador web al acceder y usar determinadas p\u00e1ginas web. Estos ficheros permiten que las p\u00e1ginas web puedan recuperar informaci\u00f3n sobre tus h\u00e1bitos y preferencias de navegaci\u00f3n o sobre el dispositivo desde el que te conectas. A [&hellip;]","og_url":"https:\/\/hostalplaja.com\/es\/politica-de-cookies\/","og_site_name":"Hostal Plaja","article_modified_time":"2024-03-20T11:23:16+00:00","twitter_card":"summary_large_image","twitter_misc":{"Tiempo de lectura":"6 minutos"},"schema":{"@context":"https:\/\/schema.org","@graph":[{"@type":"WebPage","@id":"https:\/\/hostalplaja.com\/es\/politica-de-cookies\/","url":"https:\/\/hostalplaja.com\/es\/politica-de-cookies\/","name":"Pol\u00edtica de cookies - Hostal Plaja","isPartOf":{"@id":"https:\/\/hostalplaja.com\/es\/#website"},"datePublished":"2024-03-20T11:02:12+00:00","dateModified":"2024-03-20T11:23:16+00:00","breadcrumb":{"@id":"https:\/\/hostalplaja.com\/es\/politica-de-cookies\/#breadcrumb"},"inLanguage":"es","potentialAction":[{"@type":"ReadAction","target":["https:\/\/hostalplaja.com\/es\/politica-de-cookies\/"]}]},{"@type":"BreadcrumbList","@id":"https:\/\/hostalplaja.com\/es\/politica-de-cookies\/#breadcrumb","itemListElement":[{"@type":"ListItem","position":1,"name":"Inici","item":"https:\/\/hostalplaja.com\/es\/inicio\/"},{"@type":"ListItem","position":2,"name":"Pol\u00edtica de cookies"}]},{"@type":"WebSite","@id":"https:\/\/hostalplaja.com\/es\/#website","url":"https:\/\/hostalplaja.com\/es\/","name":"Hostal Plaja","description":"","potentialAction":[{"@type":"SearchAction","target":{"@type":"EntryPoint","urlTemplate":"https:\/\/hostalplaja.com\/es\/?s={search_term_string}"},"query-input":{"@type":"PropertyValueSpecification","valueRequired":true,"valueName":"search_term_string"}}],"inLanguage":"es"}]}},"_links":{"self":[{"href":"https:\/\/hostalplaja.com\/es\/wp-json\/wp\/v2\/pages\/206","targetHints":{"allow":["GET"]}}],"collection":[{"href":"https:\/\/hostalplaja.com\/es\/wp-json\/wp\/v2\/pages"}],"about":[{"href":"https:\/\/hostalplaja.com\/es\/wp-json\/wp\/v2\/types\/page"}],"author":[{"embeddable":true,"href":"https:\/\/hostalplaja.com\/es\/wp-json\/wp\/v2\/users\/3"}],"replies":[{"embeddable":true,"href":"https:\/\/hostalplaja.com\/es\/wp-json\/wp\/v2\/comments?post=206"}],"version-history":[{"count":1,"href":"https:\/\/hostalplaja.com\/es\/wp-json\/wp\/v2\/pages\/206\/revisions"}],"predecessor-version":[{"id":207,"href":"https:\/\/hostalplaja.com\/es\/wp-json\/wp\/v2\/pages\/206\/revisions\/207"}],"wp:attachment":[{"href":"https:\/\/hostalplaja.com\/es\/wp-json\/wp\/v2\/media?parent=206"}],"curies":[{"name":"wp","href":"https:\/\/api.w.org\/{rel}","templated":true}]}}