{"id":221,"date":"2024-03-20T12:17:05","date_gmt":"2024-03-20T11:17:05","guid":{"rendered":"http:\/\/hostalplaja.com\/?page_id=221"},"modified":"2024-06-07T14:05:49","modified_gmt":"2024-06-07T12:05:49","slug":"declaracion-de-accesibilidad","status":"publish","type":"page","link":"https:\/\/hostalplaja.com\/es\/declaracion-de-accesibilidad\/","title":{"rendered":"Declaraci\u00f3n de accesibilidad"},"content":{"rendered":"<h1>Declaraci\u00f3n de accesibilidad<\/h1>\n<p>Jordi Ung\u00e9 Plaja se compromete en hacer accesible su sitio web de conformidad con el\u00a0 <a href=\"https:\/\/www.boe.es\/eli\/es\/rd\/2018\/09\/07\/1112\">Real Decreto 1112\/2018<\/a>, de 7 de septiembre, sobre accesibilidad de los sitios web y aplicaciones para dispositivos m\u00f3viles del sector p\u00fablico.<\/p>\n<p>La presente declaraci\u00f3n de accesibilidad se aplica al presente sitio web.<\/p>\n<h2>Situaci\u00f3n de cumplimiento<\/h2>\n<p>Este sitio web es plenamente conforme con el RD 1112\/2018.<\/p>\n<h2>Contenido no accesible<\/h2>\n<p>El contenido que se recoge a continuaci\u00f3n no es accesible por lo siguiente:<\/p>\n<p><strong>Falta de conformidad con el RD 1112\/2018<\/strong><\/p>\n<p>Se puede encontrar a\u00fan anidamientos incorrectos de etiquetas.<\/p>\n<p>Podr\u00edan existir fallos puntuales de edici\u00f3n en la p\u00e1gina web.<\/p>\n<p><strong>Carga desproporcionada<\/strong><\/p>\n<p>No aplica.<\/p>\n<h2>Preparaci\u00f3n de la presente declaraci\u00f3n de accesibilidad<\/h2>\n<p>La presente declaraci\u00f3n fue preparada el 05 de Mayo de 2023.<\/p>\n<p>El m\u00e9todo empleado para preparar la declaraci\u00f3n ha sido una autoevaluaci\u00f3n llevada a cabo por la propia empresa.<\/p>\n<h2>Observaciones y datos de contacto<\/h2>\n<p>Puede realizar comunicaciones sobre requisitos de accesibilidad (art\u00edculo 10.2.a) del RD 1112\/2018) como por ejemplo:<\/p>\n<ul>\n<li>Informar sobre cualquier posible incumplimiento por parte de este sitio web.<\/li>\n<li>Transmitir otras dificultades de acceso al contenido.<\/li>\n<li>Formular cualquier otra consulta o sugerencia de mejora relativa a la accesibilidad del sitio web.<\/li>\n<\/ul>\n<p>A trav\u00e9s de nuestro formulario de contacto, por tel\u00e9fono o de manera presencial en nuestra sede.<\/p>\n<p>Las comunicaciones, quejas y solicitudes de informaci\u00f3n accesible ser\u00e1n recibidas y tratadas por nuestro equipo.<\/p>\n","protected":false},"excerpt":{"rendered":"<p>Declaraci\u00f3n de accesibilidad Jordi Ung\u00e9 Plaja se compromete en hacer accesible su sitio web de conformidad con el\u00a0 Real Decreto 1112\/2018, de 7 de septiembre, sobre accesibilidad de los sitios web y aplicaciones para dispositivos m\u00f3viles del sector p\u00fablico. La presente declaraci\u00f3n de accesibilidad se aplica al presente sitio web. Situaci\u00f3n de cumplimiento Este sitio [&hellip;]<\/p>\n","protected":false},"author":3,"featured_media":0,"parent":0,"menu_order":0,"comment_status":"closed","ping_status":"closed","template":"","meta":{"footnotes":""},"class_list":["post-221","page","type-page","status-publish","hentry"],"yoast_head":"<!-- This site is optimized with the Yoast SEO plugin v27.0 - https:\/\/yoast.com\/product\/yoast-seo-wordpress\/ -->\n<title>Declaraci\u00f3n de accesibilidad - Hostal Plaja<\/title>\n<meta name=\"robots\" content=\"index, follow, max-snippet:-1, max-image-preview:large, max-video-preview:-1\" \/>\n<link rel=\"canonical\" href=\"https:\/\/hostalplaja.com\/es\/declaracion-de-accesibilidad\/\" \/>\n<meta property=\"og:locale\" content=\"es_ES\" \/>\n<meta property=\"og:type\" content=\"article\" \/>\n<meta property=\"og:title\" content=\"Declaraci\u00f3n de accesibilidad - Hostal Plaja\" \/>\n<meta property=\"og:description\" content=\"Declaraci\u00f3n de accesibilidad Jordi Ung\u00e9 Plaja se compromete en hacer accesible su sitio web de conformidad con el\u00a0 Real Decreto 1112\/2018, de 7 de septiembre, sobre accesibilidad de los sitios web y aplicaciones para dispositivos m\u00f3viles del sector p\u00fablico. La presente declaraci\u00f3n de accesibilidad se aplica al presente sitio web. Situaci\u00f3n de cumplimiento Este sitio [&hellip;]\" \/>\n<meta property=\"og:url\" content=\"https:\/\/hostalplaja.com\/es\/declaracion-de-accesibilidad\/\" \/>\n<meta property=\"og:site_name\" content=\"Hostal Plaja\" \/>\n<meta property=\"article:modified_time\" content=\"2024-06-07T12:05:49+00:00\" \/>\n<meta name=\"twitter:card\" content=\"summary_large_image\" \/>\n<meta name=\"twitter:label1\" content=\"Tiempo de lectura\" \/>\n\t<meta name=\"twitter:data1\" content=\"2 minutos\" \/>\n<script type=\"application\/ld+json\" class=\"yoast-schema-graph\">{\"@context\":\"https:\/\/schema.org\",\"@graph\":[{\"@type\":\"WebPage\",\"@id\":\"https:\/\/hostalplaja.com\/es\/declaracion-de-accesibilidad\/\",\"url\":\"https:\/\/hostalplaja.com\/es\/declaracion-de-accesibilidad\/\",\"name\":\"Declaraci\u00f3n de accesibilidad - Hostal Plaja\",\"isPartOf\":{\"@id\":\"https:\/\/hostalplaja.com\/es\/#website\"},\"datePublished\":\"2024-03-20T11:17:05+00:00\",\"dateModified\":\"2024-06-07T12:05:49+00:00\",\"breadcrumb\":{\"@id\":\"https:\/\/hostalplaja.com\/es\/declaracion-de-accesibilidad\/#breadcrumb\"},\"inLanguage\":\"es\",\"potentialAction\":[{\"@type\":\"ReadAction\",\"target\":[\"https:\/\/hostalplaja.com\/es\/declaracion-de-accesibilidad\/\"]}]},{\"@type\":\"BreadcrumbList\",\"@id\":\"https:\/\/hostalplaja.com\/es\/declaracion-de-accesibilidad\/#breadcrumb\",\"itemListElement\":[{\"@type\":\"ListItem\",\"position\":1,\"name\":\"Inici\",\"item\":\"https:\/\/hostalplaja.com\/es\/inicio\/\"},{\"@type\":\"ListItem\",\"position\":2,\"name\":\"Declaraci\u00f3n de accesibilidad\"}]},{\"@type\":\"WebSite\",\"@id\":\"https:\/\/hostalplaja.com\/es\/#website\",\"url\":\"https:\/\/hostalplaja.com\/es\/\",\"name\":\"Hostal Plaja\",\"description\":\"\",\"potentialAction\":[{\"@type\":\"SearchAction\",\"target\":{\"@type\":\"EntryPoint\",\"urlTemplate\":\"https:\/\/hostalplaja.com\/es\/?s={search_term_string}\"},\"query-input\":{\"@type\":\"PropertyValueSpecification\",\"valueRequired\":true,\"valueName\":\"search_term_string\"}}],\"inLanguage\":\"es\"}]}<\/script>\n<!-- \/ Yoast SEO plugin. -->","yoast_head_json":{"title":"Declaraci\u00f3n de accesibilidad - Hostal Plaja","robots":{"index":"index","follow":"follow","max-snippet":"max-snippet:-1","max-image-preview":"max-image-preview:large","max-video-preview":"max-video-preview:-1"},"canonical":"https:\/\/hostalplaja.com\/es\/declaracion-de-accesibilidad\/","og_locale":"es_ES","og_type":"article","og_title":"Declaraci\u00f3n de accesibilidad - Hostal Plaja","og_description":"Declaraci\u00f3n de accesibilidad Jordi Ung\u00e9 Plaja se compromete en hacer accesible su sitio web de conformidad con el\u00a0 Real Decreto 1112\/2018, de 7 de septiembre, sobre accesibilidad de los sitios web y aplicaciones para dispositivos m\u00f3viles del sector p\u00fablico. La presente declaraci\u00f3n de accesibilidad se aplica al presente sitio web. Situaci\u00f3n de cumplimiento Este sitio [&hellip;]","og_url":"https:\/\/hostalplaja.com\/es\/declaracion-de-accesibilidad\/","og_site_name":"Hostal Plaja","article_modified_time":"2024-06-07T12:05:49+00:00","twitter_card":"summary_large_image","twitter_misc":{"Tiempo de lectura":"2 minutos"},"schema":{"@context":"https:\/\/schema.org","@graph":[{"@type":"WebPage","@id":"https:\/\/hostalplaja.com\/es\/declaracion-de-accesibilidad\/","url":"https:\/\/hostalplaja.com\/es\/declaracion-de-accesibilidad\/","name":"Declaraci\u00f3n de accesibilidad - Hostal Plaja","isPartOf":{"@id":"https:\/\/hostalplaja.com\/es\/#website"},"datePublished":"2024-03-20T11:17:05+00:00","dateModified":"2024-06-07T12:05:49+00:00","breadcrumb":{"@id":"https:\/\/hostalplaja.com\/es\/declaracion-de-accesibilidad\/#breadcrumb"},"inLanguage":"es","potentialAction":[{"@type":"ReadAction","target":["https:\/\/hostalplaja.com\/es\/declaracion-de-accesibilidad\/"]}]},{"@type":"BreadcrumbList","@id":"https:\/\/hostalplaja.com\/es\/declaracion-de-accesibilidad\/#breadcrumb","itemListElement":[{"@type":"ListItem","position":1,"name":"Inici","item":"https:\/\/hostalplaja.com\/es\/inicio\/"},{"@type":"ListItem","position":2,"name":"Declaraci\u00f3n de accesibilidad"}]},{"@type":"WebSite","@id":"https:\/\/hostalplaja.com\/es\/#website","url":"https:\/\/hostalplaja.com\/es\/","name":"Hostal Plaja","description":"","potentialAction":[{"@type":"SearchAction","target":{"@type":"EntryPoint","urlTemplate":"https:\/\/hostalplaja.com\/es\/?s={search_term_string}"},"query-input":{"@type":"PropertyValueSpecification","valueRequired":true,"valueName":"search_term_string"}}],"inLanguage":"es"}]}},"_links":{"self":[{"href":"https:\/\/hostalplaja.com\/es\/wp-json\/wp\/v2\/pages\/221","targetHints":{"allow":["GET"]}}],"collection":[{"href":"https:\/\/hostalplaja.com\/es\/wp-json\/wp\/v2\/pages"}],"about":[{"href":"https:\/\/hostalplaja.com\/es\/wp-json\/wp\/v2\/types\/page"}],"author":[{"embeddable":true,"href":"https:\/\/hostalplaja.com\/es\/wp-json\/wp\/v2\/users\/3"}],"replies":[{"embeddable":true,"href":"https:\/\/hostalplaja.com\/es\/wp-json\/wp\/v2\/comments?post=221"}],"version-history":[{"count":2,"href":"https:\/\/hostalplaja.com\/es\/wp-json\/wp\/v2\/pages\/221\/revisions"}],"predecessor-version":[{"id":1264,"href":"https:\/\/hostalplaja.com\/es\/wp-json\/wp\/v2\/pages\/221\/revisions\/1264"}],"wp:attachment":[{"href":"https:\/\/hostalplaja.com\/es\/wp-json\/wp\/v2\/media?parent=221"}],"curies":[{"name":"wp","href":"https:\/\/api.w.org\/{rel}","templated":true}]}}